{"id":225,"date":"2018-01-31T21:49:31","date_gmt":"2018-01-31T20:49:31","guid":{"rendered":"http:\/\/www.schell-collection.com\/?page_id=225"},"modified":"2018-01-31T21:49:31","modified_gmt":"2018-01-31T20:49:31","slug":"links","status":"publish","type":"page","link":"https:\/\/www.schell-collection.com\/en\/links\/","title":{"rendered":"Links"},"content":{"rendered":"<p style=\"text-align: center;\"><a title=\"Schell Collection App\" href=\"https:\/\/play.google.com\/store\/apps\/details?id=com.aionav.lbs.spot.schellCollection&amp;hl=de\">Schell Collection App<br \/>\n<\/a><\/p>\n<p style=\"text-align: center;\"><a href=\"http:\/\/www.hausdervoelker.com\/\">Haus der V\u00f6lker<\/a><\/p>\n<p style=\"text-align: center;\"><a href=\"http:\/\/www.museum-velbert.de\/\">Deutsches Schloss- und Beschl\u00e4gemuseum Velbert<\/a><\/p>\n<p style=\"text-align: center;\"><a href=\"http:\/\/www.rouen-musees.com\/\">Le Secq des Tournelles &#8211; Museum f\u00fcr Kunstschmiedearbeiten in Rouen, Frankreich<\/a><\/p>\n<p style=\"text-align: center;\"><a href=\"http:\/\/www.bendorf.de\/area\/mainoutp.cfm?docRefId=3104\">Rheinisches Eisenkunstguss-Museum<\/a><\/p>\n<p style=\"text-align: center;\"><a href=\"http:\/\/www.foerderkreis-rem.de\/\">F\u00f6rderkreis Rheinisches Eisenkunstguss-Museum<\/a><\/p>\n<p style=\"text-align: center;\"><a href=\"http:\/\/www.museum-leogang.at\/\">Bergbau und Gotikmuseum Leogang<\/a><\/p>\n<p style=\"text-align: center;\"><a href=\"http:\/\/www.geldschrankspezialist.de\/\">Spezialisten f\u00fcr Tresore<\/a><\/p>\n<p style=\"text-align: center;\"><a href=\"http:\/\/www.technischesmuseum.at\/\">Technisches Museum, Wien<\/a><\/p>\n<p style=\"text-align: center;\"><a href=\"http:\/\/www.uhrenstube-aschau.at\/\">Uhrenstube Aschau &#8211; Museum f\u00fcr Turmuhren und Bratenwender<\/a><\/p>\n<p style=\"text-align: center;\"><a href=\"http:\/\/www.geislingen.de\/data\/schatztruhenmuseum.php\">S\u00fcdwestdeutsches Schatztruhenmuseum<\/a><\/p>\n<p style=\"text-align: center;\"><a href=\"http:\/\/weissenberger.ch\/\">Sammlung Weissenberger, Schweiz<\/a><\/p>\n<p style=\"text-align: center;\"><a href=\"http:\/\/www.auto-im-vergleich.de\/index.php?option=com_content&amp;view=article&amp;id=5579:suche-autoschluessel-kfz-schluessel&amp;catid=37:ueber-uns\">Aufruf: Autoschl\u00fcssel sammeln!<\/a><\/p>\n<p style=\"text-align: center;\"><a href=\"http:\/\/www.graztourismus.at\/\">Graz Tourismus<\/a><\/p>\n<p style=\"text-align: center;\"><a href=\"http:\/\/www.steiermark.at\/\">Steiermark Server<\/a><\/p>\n<p style=\"text-align: center;\"><a href=\"http:\/\/www.kultur.steiermark.at\/cms\/beitrag\/10130720\/3016378\">Museen in der Steiermark<\/a><\/p>\n<p style=\"text-align: center;\"><a href=\"http:\/\/www.grazguides.at\/\">Graz Guides &#8211; Fremdenf\u00fchrer-Club f\u00fcr Graz und Steiermark<\/a><\/p>\n<p style=\"text-align: center;\"><a href=\"http:\/\/www.cityguides-graz.at\/\">City Guides Graz<\/a><\/p>\n<p style=\"text-align: center;\"><a title=\"Steiermark Card\" href=\"http:\/\/www.steiermark-card.net\/\">Steiermark Card<\/a><\/p>\n<p style=\"text-align: center;\"><a title=\"Musis\" href=\"http:\/\/www.musis.at\/\">Musis<\/a><\/p>\n<p style=\"text-align: center;\"><a title=\"ICDAD\" href=\"http:\/\/www.icom-icdad.com\/\">ICDAD<\/a><\/p>\n<p style=\"text-align: center;\"><a href=\"http:\/\/www.tourist-guides.at\/\">Tourist Guides f\u00fcr Graz, Steiermark und \u00d6sterreich<\/a><\/p>\n<p style=\"text-align: center;\"><a href=\"http:\/\/www.jugend-aktiv.info\/\">Jugend aktiv<\/a><\/p>\n<p style=\"text-align: center;\"><a class=\"img-prettyPhoto alignnone\" style=\"width: 114px; max-height: 183px; max-width: 100%;\" title=\"\" href=\"http:\/\/www.3dpanorama.at\/visualbook\/vcard\/398\/schloss-und-schluesselmuseum-graz\" target=\"_blank\" rel=\"noopener\"><img class=\"alignnone scale-with-grid size-full wp-image-2024\" alt=\"handy\" width=\"114\" height=\"183\" \/><\/a><\/p>","protected":false},"excerpt":{"rendered":"<p>Schell Collection App Haus der V\u00f6lker Deutsches Schloss- und Beschl\u00e4gemuseum Velbert Le Secq des Tournelles &#8211; Museum f\u00fcr Kunstschmiedearbeiten in Rouen, Frankreich Rheinisches&hellip;<\/p>\n","protected":false},"author":1,"featured_media":0,"parent":0,"menu_order":0,"comment_status":"closed","ping_status":"closed","template":"","meta":{"footnotes":""},"class_list":["post-225","page","type-page","status-publish","hentry"],"_links":{"self":[{"href":"https:\/\/www.schell-collection.com\/en\/wp-json\/wp\/v2\/pages\/225","targetHints":{"allow":["GET"]}}],"collection":[{"href":"https:\/\/www.schell-collection.com\/en\/wp-json\/wp\/v2\/pages"}],"about":[{"href":"https:\/\/www.schell-collection.com\/en\/wp-json\/wp\/v2\/types\/page"}],"author":[{"embeddable":true,"href":"https:\/\/www.schell-collection.com\/en\/wp-json\/wp\/v2\/users\/1"}],"replies":[{"embeddable":true,"href":"https:\/\/www.schell-collection.com\/en\/wp-json\/wp\/v2\/comments?post=225"}],"version-history":[{"count":2,"href":"https:\/\/www.schell-collection.com\/en\/wp-json\/wp\/v2\/pages\/225\/revisions"}],"predecessor-version":[{"id":227,"href":"https:\/\/www.schell-collection.com\/en\/wp-json\/wp\/v2\/pages\/225\/revisions\/227"}],"wp:attachment":[{"href":"https:\/\/www.schell-collection.com\/en\/wp-json\/wp\/v2\/media?parent=225"}],"curies":[{"name":"wp","href":"https:\/\/api.w.org\/{rel}","templated":true}]}}